{"id":12,"date":"2016-07-05T15:03:41","date_gmt":"2016-07-05T18:03:41","guid":{"rendered":"http:\/\/tejidoslatinos.com\/esp\/?page_id=12"},"modified":"2016-07-12T14:41:15","modified_gmt":"2016-07-12T17:41:15","slug":"quienes-somos","status":"publish","type":"page","link":"https:\/\/tejidoslatinos.com\/esp\/quienes-somos\/","title":{"rendered":"Qui\u00e9nes Somos"},"content":{"rendered":"<div id=\"pl-12\"  class=\"panel-layout\" ><div id=\"pg-12-0\"  class=\"panel-grid panel-no-style\" ><div id=\"pgc-12-0-0\"  class=\"panel-grid-cell panel-grid-cell-empty\" ><\/div><div id=\"pgc-12-0-1\"  class=\"panel-grid-cell\" ><div id=\"panel-12-0-1-0\" class=\"so-panel widget widget_sow-editor panel-first-child panel-last-child\" data-index=\"0\" ><div class=\"panel-widget-style panel-widget-style-for-12-0-1-0\" ><div\n\t\t\t\n\t\t\tclass=\"so-widget-sow-editor so-widget-sow-editor-base\"\n\t\t\t\n\t\t>\n<div class=\"siteorigin-widget-tinymce textwidget\">\n\t<p><a href=\"http:\/\/tejidoslatinos.com\/esp\/wp-content\/uploads\/tejidos-latinos-quiene-somos.jpg\"><img decoding=\"async\" loading=\"lazy\" src=\"http:\/\/tejidoslatinos.com\/esp\/wp-content\/uploads\/tejidos-latinos-quiene-somos.jpg\" alt=\"tejidos-latinos-quiene-somos\" width=\"1330\" height=\"1200\" class=\"alignnone size-full wp-image-135\" srcset=\"https:\/\/tejidoslatinos.com\/esp\/wp-content\/uploads\/tejidos-latinos-quiene-somos.jpg 1330w, https:\/\/tejidoslatinos.com\/esp\/wp-content\/uploads\/tejidos-latinos-quiene-somos-277x250.jpg 277w, https:\/\/tejidoslatinos.com\/esp\/wp-content\/uploads\/tejidos-latinos-quiene-somos-554x500.jpg 554w, https:\/\/tejidoslatinos.com\/esp\/wp-content\/uploads\/tejidos-latinos-quiene-somos-768x693.jpg 768w, https:\/\/tejidoslatinos.com\/esp\/wp-content\/uploads\/tejidos-latinos-quiene-somos-1064x960.jpg 1064w, https:\/\/tejidoslatinos.com\/esp\/wp-content\/uploads\/tejidos-latinos-quiene-somos-700x632.jpg 700w, https:\/\/tejidoslatinos.com\/esp\/wp-content\/uploads\/tejidos-latinos-quiene-somos-332x300.jpg 332w\" sizes=\"(max-width: 1330px) 100vw, 1330px\" \/><\/a><\/p>\n<\/div>\n<\/div><\/div><\/div><\/div><div id=\"pgc-12-0-2\"  class=\"panel-grid-cell panel-grid-cell-mobile-last\" ><div id=\"panel-12-0-2-0\" class=\"so-panel widget widget_sow-editor panel-first-child panel-last-child\" data-index=\"1\" ><div class=\"panel-widget-style panel-widget-style-for-12-0-2-0\" ><div\n\t\t\t\n\t\t\tclass=\"so-widget-sow-editor so-widget-sow-editor-base\"\n\t\t\t\n\t\t>\n<div class=\"siteorigin-widget-tinymce textwidget\">\n\t<p><span style=\"font-family: 'EngraversGothic'; font-size:22px;\">Tejidos Latinos<\/span> se dedica a la fabricaci\u00f3n, importaci\u00f3n y comercializaci\u00f3n de prendas de vestir y accesorios de moda.<br \/>\nCumple 15 a\u00f1os en el mercado y es fruto de la uni\u00f3n de dos empresas familiares con larga historia en Argentina, Algodonera San Nicol\u00e1s y Slelatt Industrias Textiles.<br \/>\nDesde sus or\u00edgenes en 2001 hasta el a\u00f1o 2006 se dedic\u00f3 a la importaci\u00f3n y comercializaci\u00f3n de telas, negocio que pas\u00f3 a ser manejado por Tejidos San Nicol\u00e1s.<br \/>\n<span style=\"font-family: 'EngraversGothic'; font-size:22px;\">Tejidos Latinos<\/span> actualmente se dedica de modo exclusivo al negocio de prendas terminadas y venta de accesorios de moda.<br \/>\nHoy en d\u00eda<span style=\"font-family: 'EngraversGothic'; font-size:22px;\"> Tejidos Latinos<\/span> es un gran aliado de las marcas y empresas de indumentaria en Argentina, confiri\u00e9ndoles dise\u00f1o, desarrollo, producci\u00f3n y control de calidad de las prendas de sus colecciones.<\/p>\n<\/div>\n<\/div><\/div><\/div><\/div><div id=\"pgc-12-0-3\"  class=\"panel-grid-cell panel-grid-cell-empty\" ><\/div><\/div><div id=\"pg-12-1\"  class=\"panel-grid panel-no-style\" ><div id=\"pgc-12-1-0\"  class=\"panel-grid-cell\" ><div id=\"panel-12-1-0-0\" class=\"so-panel widget widget_black-studio-tinymce widget_black_studio_tinymce panel-first-child panel-last-child\" data-index=\"2\" ><div class=\"panel-widget-style panel-widget-style-for-12-1-0-0\" ><div class=\"textwidget\"><\/div><\/div><\/div><\/div><\/div><div id=\"pg-12-2\"  class=\"panel-grid panel-no-style\" ><div id=\"pgc-12-2-0\"  class=\"panel-grid-cell\" ><div id=\"panel-12-2-0-0\" class=\"so-panel widget widget_black-studio-tinymce widget_black_studio_tinymce panel-first-child panel-last-child\" data-index=\"3\" ><div class=\"textwidget\"><p class=\"footer-manual-1\">\u00a9 2016 Tejidos Latinos SA<span class=\"domicilio-footer-manual\"><a href=\"https:\/\/goo.gl\/maps\/a8Jn5zP3zF72\" target=\"_blank\"> \u00b7\u00a0Cuyo 2263 \u00b7\u00a0Mart\u00ednez \u00b7 Buenos Aires (B1640GIB) Argentina<\/a> \u00b7 T: +54 11 4836-3203<\/span><\/p>\n<p class=\"footer-manual-2\">\u00a9 2016 Tejidos Latinos SA <br \/><span class=\"domicilio-footer-manual\"><a href=\"https:\/\/goo.gl\/maps\/a8Jn5zP3zF72\" target=\"_blank\">Cuyo 2263 \u00b7\u00a0Mart\u00ednez <br \/> Buenos Aires (B1640GIB) Argentina<\/a> <br \/> T: +54 11 4836-3203<\/span><\/p>\n<\/div><\/div><\/div><\/div><\/div>","protected":false},"excerpt":{"rendered":"<p>Tejidos Latinos se dedica a la fabricaci\u00f3n, importaci\u00f3n y comercializaci\u00f3n de prendas de vestir y accesorios de moda. Cumple 15 a\u00f1os en el mercado y es fruto de la uni\u00f3n de dos empresas familiares con larga historia en Argentina, Algodonera San Nicol\u00e1s y Slelatt Industrias Textiles. Desde sus or\u00edgenes en &#8230;<\/p>\n","protected":false},"author":1,"featured_media":0,"parent":0,"menu_order":0,"comment_status":"closed","ping_status":"open","template":"","meta":[],"_links":{"self":[{"href":"https:\/\/tejidoslatinos.com\/esp\/wp-json\/wp\/v2\/pages\/12"}],"collection":[{"href":"https:\/\/tejidoslatinos.com\/esp\/wp-json\/wp\/v2\/pages"}],"about":[{"href":"https:\/\/tejidoslatinos.com\/esp\/wp-json\/wp\/v2\/types\/page"}],"author":[{"embeddable":true,"href":"https:\/\/tejidoslatinos.com\/esp\/wp-json\/wp\/v2\/users\/1"}],"replies":[{"embeddable":true,"href":"https:\/\/tejidoslatinos.com\/esp\/wp-json\/wp\/v2\/comments?post=12"}],"version-history":[{"count":29,"href":"https:\/\/tejidoslatinos.com\/esp\/wp-json\/wp\/v2\/pages\/12\/revisions"}],"predecessor-version":[{"id":140,"href":"https:\/\/tejidoslatinos.com\/esp\/wp-json\/wp\/v2\/pages\/12\/revisions\/140"}],"wp:attachment":[{"href":"https:\/\/tejidoslatinos.com\/esp\/wp-json\/wp\/v2\/media?parent=12"}],"curies":[{"name":"wp","href":"https:\/\/api.w.org\/{rel}","templated":true}]}}